{"id":604,"date":"2022-05-12T11:26:43","date_gmt":"2022-05-12T14:26:43","guid":{"rendered":"https:\/\/agenciadora2.grupolgc.com.br\/?page_id=604"},"modified":"2022-05-18T17:44:47","modified_gmt":"2022-05-18T20:44:47","slug":"venda-de-empresas-industriais-e-comerciais","status":"publish","type":"page","link":"https:\/\/agenciadora.com.br\/empresas\/venda-de-empresas-industriais-e-comerciais\/","title":{"rendered":"Venda de Im\u00f3veis Empresariais (Industriais e Comerciais)"},"content":{"rendered":"\n<p>O trabalho de Compra e\/ou Venda de Im\u00f3veis Empresariais da Agenciadora tem como finalidade propiciar clareza na intermedia\u00e7\u00e3o destes im\u00f3veis. Mapeamos e selecionamos os interessados al\u00e9m de negociarmos e acompanharmos todo o processo de intermedia\u00e7\u00e3o at\u00e9 o contrato final.&nbsp;<\/p>\n\n\n\n<p>Nossa convic\u00e7\u00e3o \u00e9 que este \u00e9 um dos momentos de total aten\u00e7\u00e3o pois estamos negociando na maioria das vezes com valores altos e com necessidades distintas da qual nada poder\u00e1 sair errado. Nosso objetivo \u00e9 fazer com que ambos os lados (comprador e vendedor) saiam felizes desta negocia\u00e7\u00e3o.<\/p>\n","protected":false},"excerpt":{"rendered":"<p>O trabalho de Compra e\/ou Venda de Im\u00f3veis Empresariais da Agenciadora tem como finalidade propiciar clareza na intermedia\u00e7\u00e3o destes im\u00f3veis. Mapeamos e selecionamos os interessados al\u00e9m de negociarmos e acompanharmos todo o processo de intermedia\u00e7\u00e3o at\u00e9 o contrato final.&nbsp; Nossa convic\u00e7\u00e3o \u00e9 que este \u00e9 um dos momentos de total aten\u00e7\u00e3o pois estamos negociando na [&hellip;]<\/p>\n","protected":false},"author":1,"featured_media":0,"parent":0,"menu_order":0,"comment_status":"closed","ping_status":"closed","template":"","meta":{"footnotes":""},"class_list":["post-604","page","type-page","status-publish","hentry"],"yoast_head":"<!-- This site is optimized with the Yoast SEO plugin v27.2 - https:\/\/yoast.com\/product\/yoast-seo-wordpress\/ -->\n<title>Venda de Im\u00f3veis Empresariais (Industriais e Comerciais) - Agenciadora<\/title>\n<meta name=\"robots\" content=\"index, follow, max-snippet:-1, max-image-preview:large, max-video-preview:-1\" \/>\n<link rel=\"canonical\" href=\"https:\/\/agenciadora.com.br\/empresas\/venda-de-empresas-industriais-e-comerciais\/\" \/>\n<meta property=\"og:locale\" content=\"pt_BR\" \/>\n<meta property=\"og:type\" content=\"article\" \/>\n<meta property=\"og:title\" content=\"Venda de Im\u00f3veis Empresariais (Industriais e Comerciais) - Agenciadora\" \/>\n<meta property=\"og:description\" content=\"O trabalho de Compra e\/ou Venda de Im\u00f3veis Empresariais da Agenciadora tem como finalidade propiciar clareza na intermedia\u00e7\u00e3o destes im\u00f3veis. Mapeamos e selecionamos os interessados al\u00e9m de negociarmos e acompanharmos todo o processo de intermedia\u00e7\u00e3o at\u00e9 o contrato final.&nbsp; Nossa convic\u00e7\u00e3o \u00e9 que este \u00e9 um dos momentos de total aten\u00e7\u00e3o pois estamos negociando na [&hellip;]\" \/>\n<meta property=\"og:url\" content=\"https:\/\/agenciadora.com.br\/empresas\/venda-de-empresas-industriais-e-comerciais\/\" \/>\n<meta property=\"og:site_name\" content=\"Agenciadora\" \/>\n<meta property=\"article:modified_time\" content=\"2022-05-18T20:44:47+00:00\" \/>\n<meta name=\"twitter:card\" content=\"summary_large_image\" \/>\n<script type=\"application\/ld+json\" class=\"yoast-schema-graph\">{\"@context\":\"https:\/\/schema.org\",\"@graph\":[{\"@type\":\"WebPage\",\"@id\":\"https:\/\/agenciadora.com.br\/empresas\/venda-de-empresas-industriais-e-comerciais\/\",\"url\":\"https:\/\/agenciadora.com.br\/empresas\/venda-de-empresas-industriais-e-comerciais\/\",\"name\":\"Venda de Im\u00f3veis Empresariais (Industriais e Comerciais) - Agenciadora\",\"isPartOf\":{\"@id\":\"https:\/\/agenciadora.com.br\/empresas\/#website\"},\"datePublished\":\"2022-05-12T14:26:43+00:00\",\"dateModified\":\"2022-05-18T20:44:47+00:00\",\"breadcrumb\":{\"@id\":\"https:\/\/agenciadora.com.br\/empresas\/venda-de-empresas-industriais-e-comerciais\/#breadcrumb\"},\"inLanguage\":\"pt-BR\",\"potentialAction\":[{\"@type\":\"ReadAction\",\"target\":[\"https:\/\/agenciadora.com.br\/empresas\/venda-de-empresas-industriais-e-comerciais\/\"]}]},{\"@type\":\"BreadcrumbList\",\"@id\":\"https:\/\/agenciadora.com.br\/empresas\/venda-de-empresas-industriais-e-comerciais\/#breadcrumb\",\"itemListElement\":[{\"@type\":\"ListItem\",\"position\":1,\"name\":\"In\u00edcio\",\"item\":\"https:\/\/agenciadora.com.br\/empresas\/\"},{\"@type\":\"ListItem\",\"position\":2,\"name\":\"Venda de Im\u00f3veis Empresariais (Industriais e Comerciais)\"}]},{\"@type\":\"WebSite\",\"@id\":\"https:\/\/agenciadora.com.br\/empresas\/#website\",\"url\":\"https:\/\/agenciadora.com.br\/empresas\/\",\"name\":\"Agenciadora\",\"description\":\"A certeza de um neg\u00f3cio seguro\",\"publisher\":{\"@id\":\"https:\/\/agenciadora.com.br\/empresas\/#organization\"},\"potentialAction\":[{\"@type\":\"SearchAction\",\"target\":{\"@type\":\"EntryPoint\",\"urlTemplate\":\"https:\/\/agenciadora.com.br\/empresas\/?s={search_term_string}\"},\"query-input\":{\"@type\":\"PropertyValueSpecification\",\"valueRequired\":true,\"valueName\":\"search_term_string\"}}],\"inLanguage\":\"pt-BR\"},{\"@type\":\"Organization\",\"@id\":\"https:\/\/agenciadora.com.br\/empresas\/#organization\",\"name\":\"Agenciadora\",\"url\":\"https:\/\/agenciadora.com.br\/empresas\/\",\"logo\":{\"@type\":\"ImageObject\",\"inLanguage\":\"pt-BR\",\"@id\":\"https:\/\/agenciadora.com.br\/empresas\/#\/schema\/logo\/image\/\",\"url\":\"https:\/\/agenciadora.com.br\/wp-content\/uploads\/2022\/05\/logo-vetorizado.png\",\"contentUrl\":\"https:\/\/agenciadora.com.br\/wp-content\/uploads\/2022\/05\/logo-vetorizado.png\",\"width\":500,\"height\":500,\"caption\":\"Agenciadora\"},\"image\":{\"@id\":\"https:\/\/agenciadora.com.br\/empresas\/#\/schema\/logo\/image\/\"}}]}<\/script>\n<!-- \/ Yoast SEO plugin. -->","yoast_head_json":{"title":"Venda de Im\u00f3veis Empresariais (Industriais e Comerciais) - Agenciadora","robots":{"index":"index","follow":"follow","max-snippet":"max-snippet:-1","max-image-preview":"max-image-preview:large","max-video-preview":"max-video-preview:-1"},"canonical":"https:\/\/agenciadora.com.br\/empresas\/venda-de-empresas-industriais-e-comerciais\/","og_locale":"pt_BR","og_type":"article","og_title":"Venda de Im\u00f3veis Empresariais (Industriais e Comerciais) - Agenciadora","og_description":"O trabalho de Compra e\/ou Venda de Im\u00f3veis Empresariais da Agenciadora tem como finalidade propiciar clareza na intermedia\u00e7\u00e3o destes im\u00f3veis. Mapeamos e selecionamos os interessados al\u00e9m de negociarmos e acompanharmos todo o processo de intermedia\u00e7\u00e3o at\u00e9 o contrato final.&nbsp; Nossa convic\u00e7\u00e3o \u00e9 que este \u00e9 um dos momentos de total aten\u00e7\u00e3o pois estamos negociando na [&hellip;]","og_url":"https:\/\/agenciadora.com.br\/empresas\/venda-de-empresas-industriais-e-comerciais\/","og_site_name":"Agenciadora","article_modified_time":"2022-05-18T20:44:47+00:00","twitter_card":"summary_large_image","schema":{"@context":"https:\/\/schema.org","@graph":[{"@type":"WebPage","@id":"https:\/\/agenciadora.com.br\/empresas\/venda-de-empresas-industriais-e-comerciais\/","url":"https:\/\/agenciadora.com.br\/empresas\/venda-de-empresas-industriais-e-comerciais\/","name":"Venda de Im\u00f3veis Empresariais (Industriais e Comerciais) - Agenciadora","isPartOf":{"@id":"https:\/\/agenciadora.com.br\/empresas\/#website"},"datePublished":"2022-05-12T14:26:43+00:00","dateModified":"2022-05-18T20:44:47+00:00","breadcrumb":{"@id":"https:\/\/agenciadora.com.br\/empresas\/venda-de-empresas-industriais-e-comerciais\/#breadcrumb"},"inLanguage":"pt-BR","potentialAction":[{"@type":"ReadAction","target":["https:\/\/agenciadora.com.br\/empresas\/venda-de-empresas-industriais-e-comerciais\/"]}]},{"@type":"BreadcrumbList","@id":"https:\/\/agenciadora.com.br\/empresas\/venda-de-empresas-industriais-e-comerciais\/#breadcrumb","itemListElement":[{"@type":"ListItem","position":1,"name":"In\u00edcio","item":"https:\/\/agenciadora.com.br\/empresas\/"},{"@type":"ListItem","position":2,"name":"Venda de Im\u00f3veis Empresariais (Industriais e Comerciais)"}]},{"@type":"WebSite","@id":"https:\/\/agenciadora.com.br\/empresas\/#website","url":"https:\/\/agenciadora.com.br\/empresas\/","name":"Agenciadora","description":"A certeza de um neg\u00f3cio seguro","publisher":{"@id":"https:\/\/agenciadora.com.br\/empresas\/#organization"},"potentialAction":[{"@type":"SearchAction","target":{"@type":"EntryPoint","urlTemplate":"https:\/\/agenciadora.com.br\/empresas\/?s={search_term_string}"},"query-input":{"@type":"PropertyValueSpecification","valueRequired":true,"valueName":"search_term_string"}}],"inLanguage":"pt-BR"},{"@type":"Organization","@id":"https:\/\/agenciadora.com.br\/empresas\/#organization","name":"Agenciadora","url":"https:\/\/agenciadora.com.br\/empresas\/","logo":{"@type":"ImageObject","inLanguage":"pt-BR","@id":"https:\/\/agenciadora.com.br\/empresas\/#\/schema\/logo\/image\/","url":"https:\/\/agenciadora.com.br\/wp-content\/uploads\/2022\/05\/logo-vetorizado.png","contentUrl":"https:\/\/agenciadora.com.br\/wp-content\/uploads\/2022\/05\/logo-vetorizado.png","width":500,"height":500,"caption":"Agenciadora"},"image":{"@id":"https:\/\/agenciadora.com.br\/empresas\/#\/schema\/logo\/image\/"}}]}},"_links":{"self":[{"href":"https:\/\/agenciadora.com.br\/empresas\/wp-json\/wp\/v2\/pages\/604","targetHints":{"allow":["GET"]}}],"collection":[{"href":"https:\/\/agenciadora.com.br\/empresas\/wp-json\/wp\/v2\/pages"}],"about":[{"href":"https:\/\/agenciadora.com.br\/empresas\/wp-json\/wp\/v2\/types\/page"}],"author":[{"embeddable":true,"href":"https:\/\/agenciadora.com.br\/empresas\/wp-json\/wp\/v2\/users\/1"}],"replies":[{"embeddable":true,"href":"https:\/\/agenciadora.com.br\/empresas\/wp-json\/wp\/v2\/comments?post=604"}],"version-history":[{"count":4,"href":"https:\/\/agenciadora.com.br\/empresas\/wp-json\/wp\/v2\/pages\/604\/revisions"}],"predecessor-version":[{"id":1013,"href":"https:\/\/agenciadora.com.br\/empresas\/wp-json\/wp\/v2\/pages\/604\/revisions\/1013"}],"wp:attachment":[{"href":"https:\/\/agenciadora.com.br\/empresas\/wp-json\/wp\/v2\/media?parent=604"}],"curies":[{"name":"wp","href":"https:\/\/api.w.org\/{rel}","templated":true}]}}