{"id":610,"date":"2022-05-12T11:33:26","date_gmt":"2022-05-12T14:33:26","guid":{"rendered":"https:\/\/agenciadora2.grupolgc.com.br\/?page_id=610"},"modified":"2022-05-18T17:46:16","modified_gmt":"2022-05-18T20:46:16","slug":"venda-de-empresas-ma","status":"publish","type":"page","link":"https:\/\/agenciadora.com.br\/empresas\/venda-de-empresas-ma\/","title":{"rendered":"Venda de Empresas (M&#038;A)"},"content":{"rendered":"\n<p>O trabalho de M&amp;A da Agenciadora tem como finalidade propiciar clareza na intermedia\u00e7\u00e3o dos neg\u00f3cios. Mapeamos e selecionamos os interessados al\u00e9m de negociarmos e acompanharmos todo o processo de intermedia\u00e7\u00e3o at\u00e9 o contrato final.&nbsp;<\/p>\n\n\n\n<p>Nossa maior convic\u00e7\u00e3o \u00e9 que este \u00e9 um dos momentos mais cr\u00edticos na vida dos envolvidos. S\u00e3o anos de investimento, de entrega e de reputa\u00e7\u00e3o e que merecem culminar em uma negocia\u00e7\u00e3o perfeita. Nada menos que isso.<\/p>\n\n\n\n<h2 class=\"wp-block-heading\">Etapas da Intermedia\u00e7\u00e3o (M&amp;A)<\/h2>\n\n\n\n<p>\u2022 Entender os objetivos e necessidades da empresa ou empres\u00e1rio;<\/p>\n\n\n\n<p>\u2022 An\u00e1lise da empresa e de seu mercado;<\/p>\n\n\n\n<p>\u2022 Avalia\u00e7\u00e3o da empresa (Valuation e Due Diligence);<\/p>\n\n\n\n<p>\u2022 Prepara\u00e7\u00e3o da empresa para a Venda;<\/p>\n\n\n\n<p>\u2022 Mapeamento do perfil dos potenciais investidores\/compradores;<\/p>\n\n\n\n<p>\u2022 Divulga\u00e7\u00e3o e Abordagem na Intermedia\u00e7\u00e3o;<\/p>\n\n\n\n<p>\u2022 Apresenta\u00e7\u00e3o da empresa para poss\u00edveis interessados;<\/p>\n\n\n\n<p>\u2022 Negocia\u00e7\u00e3o e Acompanhamento em todas as etapas at\u00e9 o contrato final.<\/p>\n","protected":false},"excerpt":{"rendered":"<p>O trabalho de M&amp;A da Agenciadora tem como finalidade propiciar clareza na intermedia\u00e7\u00e3o dos neg\u00f3cios. Mapeamos e selecionamos os interessados al\u00e9m de negociarmos e acompanharmos todo o processo de intermedia\u00e7\u00e3o at\u00e9 o contrato final.&nbsp; Nossa maior convic\u00e7\u00e3o \u00e9 que este \u00e9 um dos momentos mais cr\u00edticos na vida dos envolvidos. S\u00e3o anos de investimento, de [&hellip;]<\/p>\n","protected":false},"author":1,"featured_media":0,"parent":0,"menu_order":0,"comment_status":"closed","ping_status":"closed","template":"","meta":{"footnotes":""},"class_list":["post-610","page","type-page","status-publish","hentry"],"yoast_head":"<!-- This site is optimized with the Yoast SEO plugin v27.2 - https:\/\/yoast.com\/product\/yoast-seo-wordpress\/ -->\n<title>Venda de Empresas (M&amp;A) - Agenciadora<\/title>\n<meta name=\"robots\" content=\"index, follow, max-snippet:-1, max-image-preview:large, max-video-preview:-1\" \/>\n<link rel=\"canonical\" href=\"https:\/\/agenciadora.com.br\/empresas\/venda-de-empresas-ma\/\" \/>\n<meta property=\"og:locale\" content=\"pt_BR\" \/>\n<meta property=\"og:type\" content=\"article\" \/>\n<meta property=\"og:title\" content=\"Venda de Empresas (M&amp;A) - Agenciadora\" \/>\n<meta property=\"og:description\" content=\"O trabalho de M&amp;A da Agenciadora tem como finalidade propiciar clareza na intermedia\u00e7\u00e3o dos neg\u00f3cios. Mapeamos e selecionamos os interessados al\u00e9m de negociarmos e acompanharmos todo o processo de intermedia\u00e7\u00e3o at\u00e9 o contrato final.&nbsp; Nossa maior convic\u00e7\u00e3o \u00e9 que este \u00e9 um dos momentos mais cr\u00edticos na vida dos envolvidos. S\u00e3o anos de investimento, de [&hellip;]\" \/>\n<meta property=\"og:url\" content=\"https:\/\/agenciadora.com.br\/empresas\/venda-de-empresas-ma\/\" \/>\n<meta property=\"og:site_name\" content=\"Agenciadora\" \/>\n<meta property=\"article:modified_time\" content=\"2022-05-18T20:46:16+00:00\" \/>\n<meta name=\"twitter:card\" content=\"summary_large_image\" \/>\n<meta name=\"twitter:label1\" content=\"Est. tempo de leitura\" \/>\n\t<meta name=\"twitter:data1\" content=\"1 minuto\" \/>\n<script type=\"application\/ld+json\" class=\"yoast-schema-graph\">{\"@context\":\"https:\/\/schema.org\",\"@graph\":[{\"@type\":\"WebPage\",\"@id\":\"https:\/\/agenciadora.com.br\/empresas\/venda-de-empresas-ma\/\",\"url\":\"https:\/\/agenciadora.com.br\/empresas\/venda-de-empresas-ma\/\",\"name\":\"Venda de Empresas (M&A) - Agenciadora\",\"isPartOf\":{\"@id\":\"https:\/\/agenciadora.com.br\/empresas\/#website\"},\"datePublished\":\"2022-05-12T14:33:26+00:00\",\"dateModified\":\"2022-05-18T20:46:16+00:00\",\"breadcrumb\":{\"@id\":\"https:\/\/agenciadora.com.br\/empresas\/venda-de-empresas-ma\/#breadcrumb\"},\"inLanguage\":\"pt-BR\",\"potentialAction\":[{\"@type\":\"ReadAction\",\"target\":[\"https:\/\/agenciadora.com.br\/empresas\/venda-de-empresas-ma\/\"]}]},{\"@type\":\"BreadcrumbList\",\"@id\":\"https:\/\/agenciadora.com.br\/empresas\/venda-de-empresas-ma\/#breadcrumb\",\"itemListElement\":[{\"@type\":\"ListItem\",\"position\":1,\"name\":\"In\u00edcio\",\"item\":\"https:\/\/agenciadora.com.br\/empresas\/\"},{\"@type\":\"ListItem\",\"position\":2,\"name\":\"Venda de Empresas (M&#038;A)\"}]},{\"@type\":\"WebSite\",\"@id\":\"https:\/\/agenciadora.com.br\/empresas\/#website\",\"url\":\"https:\/\/agenciadora.com.br\/empresas\/\",\"name\":\"Agenciadora\",\"description\":\"A certeza de um neg\u00f3cio seguro\",\"publisher\":{\"@id\":\"https:\/\/agenciadora.com.br\/empresas\/#organization\"},\"potentialAction\":[{\"@type\":\"SearchAction\",\"target\":{\"@type\":\"EntryPoint\",\"urlTemplate\":\"https:\/\/agenciadora.com.br\/empresas\/?s={search_term_string}\"},\"query-input\":{\"@type\":\"PropertyValueSpecification\",\"valueRequired\":true,\"valueName\":\"search_term_string\"}}],\"inLanguage\":\"pt-BR\"},{\"@type\":\"Organization\",\"@id\":\"https:\/\/agenciadora.com.br\/empresas\/#organization\",\"name\":\"Agenciadora\",\"url\":\"https:\/\/agenciadora.com.br\/empresas\/\",\"logo\":{\"@type\":\"ImageObject\",\"inLanguage\":\"pt-BR\",\"@id\":\"https:\/\/agenciadora.com.br\/empresas\/#\/schema\/logo\/image\/\",\"url\":\"https:\/\/agenciadora.com.br\/wp-content\/uploads\/2022\/05\/logo-vetorizado.png\",\"contentUrl\":\"https:\/\/agenciadora.com.br\/wp-content\/uploads\/2022\/05\/logo-vetorizado.png\",\"width\":500,\"height\":500,\"caption\":\"Agenciadora\"},\"image\":{\"@id\":\"https:\/\/agenciadora.com.br\/empresas\/#\/schema\/logo\/image\/\"}}]}<\/script>\n<!-- \/ Yoast SEO plugin. -->","yoast_head_json":{"title":"Venda de Empresas (M&A) - Agenciadora","robots":{"index":"index","follow":"follow","max-snippet":"max-snippet:-1","max-image-preview":"max-image-preview:large","max-video-preview":"max-video-preview:-1"},"canonical":"https:\/\/agenciadora.com.br\/empresas\/venda-de-empresas-ma\/","og_locale":"pt_BR","og_type":"article","og_title":"Venda de Empresas (M&A) - Agenciadora","og_description":"O trabalho de M&amp;A da Agenciadora tem como finalidade propiciar clareza na intermedia\u00e7\u00e3o dos neg\u00f3cios. Mapeamos e selecionamos os interessados al\u00e9m de negociarmos e acompanharmos todo o processo de intermedia\u00e7\u00e3o at\u00e9 o contrato final.&nbsp; Nossa maior convic\u00e7\u00e3o \u00e9 que este \u00e9 um dos momentos mais cr\u00edticos na vida dos envolvidos. S\u00e3o anos de investimento, de [&hellip;]","og_url":"https:\/\/agenciadora.com.br\/empresas\/venda-de-empresas-ma\/","og_site_name":"Agenciadora","article_modified_time":"2022-05-18T20:46:16+00:00","twitter_card":"summary_large_image","twitter_misc":{"Est. tempo de leitura":"1 minuto"},"schema":{"@context":"https:\/\/schema.org","@graph":[{"@type":"WebPage","@id":"https:\/\/agenciadora.com.br\/empresas\/venda-de-empresas-ma\/","url":"https:\/\/agenciadora.com.br\/empresas\/venda-de-empresas-ma\/","name":"Venda de Empresas (M&A) - Agenciadora","isPartOf":{"@id":"https:\/\/agenciadora.com.br\/empresas\/#website"},"datePublished":"2022-05-12T14:33:26+00:00","dateModified":"2022-05-18T20:46:16+00:00","breadcrumb":{"@id":"https:\/\/agenciadora.com.br\/empresas\/venda-de-empresas-ma\/#breadcrumb"},"inLanguage":"pt-BR","potentialAction":[{"@type":"ReadAction","target":["https:\/\/agenciadora.com.br\/empresas\/venda-de-empresas-ma\/"]}]},{"@type":"BreadcrumbList","@id":"https:\/\/agenciadora.com.br\/empresas\/venda-de-empresas-ma\/#breadcrumb","itemListElement":[{"@type":"ListItem","position":1,"name":"In\u00edcio","item":"https:\/\/agenciadora.com.br\/empresas\/"},{"@type":"ListItem","position":2,"name":"Venda de Empresas (M&#038;A)"}]},{"@type":"WebSite","@id":"https:\/\/agenciadora.com.br\/empresas\/#website","url":"https:\/\/agenciadora.com.br\/empresas\/","name":"Agenciadora","description":"A certeza de um neg\u00f3cio seguro","publisher":{"@id":"https:\/\/agenciadora.com.br\/empresas\/#organization"},"potentialAction":[{"@type":"SearchAction","target":{"@type":"EntryPoint","urlTemplate":"https:\/\/agenciadora.com.br\/empresas\/?s={search_term_string}"},"query-input":{"@type":"PropertyValueSpecification","valueRequired":true,"valueName":"search_term_string"}}],"inLanguage":"pt-BR"},{"@type":"Organization","@id":"https:\/\/agenciadora.com.br\/empresas\/#organization","name":"Agenciadora","url":"https:\/\/agenciadora.com.br\/empresas\/","logo":{"@type":"ImageObject","inLanguage":"pt-BR","@id":"https:\/\/agenciadora.com.br\/empresas\/#\/schema\/logo\/image\/","url":"https:\/\/agenciadora.com.br\/wp-content\/uploads\/2022\/05\/logo-vetorizado.png","contentUrl":"https:\/\/agenciadora.com.br\/wp-content\/uploads\/2022\/05\/logo-vetorizado.png","width":500,"height":500,"caption":"Agenciadora"},"image":{"@id":"https:\/\/agenciadora.com.br\/empresas\/#\/schema\/logo\/image\/"}}]}},"_links":{"self":[{"href":"https:\/\/agenciadora.com.br\/empresas\/wp-json\/wp\/v2\/pages\/610","targetHints":{"allow":["GET"]}}],"collection":[{"href":"https:\/\/agenciadora.com.br\/empresas\/wp-json\/wp\/v2\/pages"}],"about":[{"href":"https:\/\/agenciadora.com.br\/empresas\/wp-json\/wp\/v2\/types\/page"}],"author":[{"embeddable":true,"href":"https:\/\/agenciadora.com.br\/empresas\/wp-json\/wp\/v2\/users\/1"}],"replies":[{"embeddable":true,"href":"https:\/\/agenciadora.com.br\/empresas\/wp-json\/wp\/v2\/comments?post=610"}],"version-history":[{"count":2,"href":"https:\/\/agenciadora.com.br\/empresas\/wp-json\/wp\/v2\/pages\/610\/revisions"}],"predecessor-version":[{"id":1015,"href":"https:\/\/agenciadora.com.br\/empresas\/wp-json\/wp\/v2\/pages\/610\/revisions\/1015"}],"wp:attachment":[{"href":"https:\/\/agenciadora.com.br\/empresas\/wp-json\/wp\/v2\/media?parent=610"}],"curies":[{"name":"wp","href":"https:\/\/api.w.org\/{rel}","templated":true}]}}