{"id":612,"date":"2022-05-12T11:33:43","date_gmt":"2022-05-12T14:33:43","guid":{"rendered":"https:\/\/agenciadora2.grupolgc.com.br\/?page_id=612"},"modified":"2022-05-18T17:47:30","modified_gmt":"2022-05-18T20:47:30","slug":"avaliacao-de-empresas-valuation","status":"publish","type":"page","link":"https:\/\/agenciadora.com.br\/empresas\/avaliacao-de-empresas-valuation\/","title":{"rendered":"Avalia\u00e7\u00e3o de Empresas (Valuation)"},"content":{"rendered":"\n<p>O trabalho de avalia\u00e7\u00e3o da Agenciadora tem como finalidade analisar a empresa em todos seus aspectos. \u00c9 desenvolvida uma investiga\u00e7\u00e3o sobre a empresa (Due Diligence) e tamb\u00e9m uma Avalia\u00e7\u00e3o (Valuation), determinando o valor da mesma e assim deixando Executivos, Propriet\u00e1rios e Investidores seguros em suas decis\u00f5es e estrat\u00e9gias no que diz respeito a investir, reduzir ou tra\u00e7ar outros caminhos.<\/p>\n\n\n\n<h2 class=\"wp-block-heading\">Quando \u00e9 necess\u00e1rio a Valuation?<\/h2>\n\n\n\n<p><strong>&#8211; Na compra ou venda de uma empresa:<\/strong>&nbsp;precisa saber quanto a empresa ou neg\u00f3cio vale para que a negocia\u00e7\u00e3o seja justa para ambos os lados de vendedor e comprador<\/p>\n\n\n\n<p><strong>&#8211; Na sa\u00edda de um s\u00f3cio:&nbsp;<\/strong>precisa saber quanto a empresa ou neg\u00f3cio vale para saber o quanto o s\u00f3cio de sa\u00edda ter\u00e1 de direito.<\/p>\n\n\n\n<p><strong>&#8211; Na entrada de um s\u00f3cio ou Investidor:&nbsp;<\/strong>precisa saber quanto a empresa ou neg\u00f3cio vale para saber com qual percentual % o novo s\u00f3cio ou investidor ter\u00e1 de direito.<\/p>\n\n\n\n<p><strong>&#8211; Na divis\u00e3o de bens ou sucess\u00f5es:<\/strong>&nbsp;precisa saber quanto a empresa ou neg\u00f3cio vale para que a divis\u00e3o de valores seja definida de forma correta.<\/p>\n\n\n\n<p><strong>&#8211; No acompanhamento quanto aos resultados da empresa:&nbsp;<\/strong>precisa saber quanto a empresa ou neg\u00f3cio vale para entender como fazer ele valer mais e consequentemente corrigir erros de gest\u00e3o.<\/p>\n","protected":false},"excerpt":{"rendered":"<p>O trabalho de avalia\u00e7\u00e3o da Agenciadora tem como finalidade analisar a empresa em todos seus aspectos. \u00c9 desenvolvida uma investiga\u00e7\u00e3o sobre a empresa (Due Diligence) e tamb\u00e9m uma Avalia\u00e7\u00e3o (Valuation), determinando o valor da mesma e assim deixando Executivos, Propriet\u00e1rios e Investidores seguros em suas decis\u00f5es e estrat\u00e9gias no que diz respeito a investir, reduzir [&hellip;]<\/p>\n","protected":false},"author":1,"featured_media":0,"parent":0,"menu_order":0,"comment_status":"closed","ping_status":"closed","template":"","meta":{"footnotes":""},"class_list":["post-612","page","type-page","status-publish","hentry"],"yoast_head":"<!-- This site is optimized with the Yoast SEO plugin v27.2 - https:\/\/yoast.com\/product\/yoast-seo-wordpress\/ -->\n<title>Avalia\u00e7\u00e3o de Empresas (Valuation) - Agenciadora<\/title>\n<meta name=\"robots\" content=\"index, follow, max-snippet:-1, max-image-preview:large, max-video-preview:-1\" \/>\n<link rel=\"canonical\" href=\"https:\/\/agenciadora.com.br\/empresas\/avaliacao-de-empresas-valuation\/\" \/>\n<meta property=\"og:locale\" content=\"pt_BR\" \/>\n<meta property=\"og:type\" content=\"article\" \/>\n<meta property=\"og:title\" content=\"Avalia\u00e7\u00e3o de Empresas (Valuation) - Agenciadora\" \/>\n<meta property=\"og:description\" content=\"O trabalho de avalia\u00e7\u00e3o da Agenciadora tem como finalidade analisar a empresa em todos seus aspectos. \u00c9 desenvolvida uma investiga\u00e7\u00e3o sobre a empresa (Due Diligence) e tamb\u00e9m uma Avalia\u00e7\u00e3o (Valuation), determinando o valor da mesma e assim deixando Executivos, Propriet\u00e1rios e Investidores seguros em suas decis\u00f5es e estrat\u00e9gias no que diz respeito a investir, reduzir [&hellip;]\" \/>\n<meta property=\"og:url\" content=\"https:\/\/agenciadora.com.br\/empresas\/avaliacao-de-empresas-valuation\/\" \/>\n<meta property=\"og:site_name\" content=\"Agenciadora\" \/>\n<meta property=\"article:modified_time\" content=\"2022-05-18T20:47:30+00:00\" \/>\n<meta name=\"twitter:card\" content=\"summary_large_image\" \/>\n<meta name=\"twitter:label1\" content=\"Est. tempo de leitura\" \/>\n\t<meta name=\"twitter:data1\" content=\"1 minuto\" \/>\n<script type=\"application\/ld+json\" class=\"yoast-schema-graph\">{\"@context\":\"https:\/\/schema.org\",\"@graph\":[{\"@type\":\"WebPage\",\"@id\":\"https:\/\/agenciadora.com.br\/empresas\/avaliacao-de-empresas-valuation\/\",\"url\":\"https:\/\/agenciadora.com.br\/empresas\/avaliacao-de-empresas-valuation\/\",\"name\":\"Avalia\u00e7\u00e3o de Empresas (Valuation) - Agenciadora\",\"isPartOf\":{\"@id\":\"https:\/\/agenciadora.com.br\/empresas\/#website\"},\"datePublished\":\"2022-05-12T14:33:43+00:00\",\"dateModified\":\"2022-05-18T20:47:30+00:00\",\"breadcrumb\":{\"@id\":\"https:\/\/agenciadora.com.br\/empresas\/avaliacao-de-empresas-valuation\/#breadcrumb\"},\"inLanguage\":\"pt-BR\",\"potentialAction\":[{\"@type\":\"ReadAction\",\"target\":[\"https:\/\/agenciadora.com.br\/empresas\/avaliacao-de-empresas-valuation\/\"]}]},{\"@type\":\"BreadcrumbList\",\"@id\":\"https:\/\/agenciadora.com.br\/empresas\/avaliacao-de-empresas-valuation\/#breadcrumb\",\"itemListElement\":[{\"@type\":\"ListItem\",\"position\":1,\"name\":\"In\u00edcio\",\"item\":\"https:\/\/agenciadora.com.br\/empresas\/\"},{\"@type\":\"ListItem\",\"position\":2,\"name\":\"Avalia\u00e7\u00e3o de Empresas (Valuation)\"}]},{\"@type\":\"WebSite\",\"@id\":\"https:\/\/agenciadora.com.br\/empresas\/#website\",\"url\":\"https:\/\/agenciadora.com.br\/empresas\/\",\"name\":\"Agenciadora\",\"description\":\"A certeza de um neg\u00f3cio seguro\",\"publisher\":{\"@id\":\"https:\/\/agenciadora.com.br\/empresas\/#organization\"},\"potentialAction\":[{\"@type\":\"SearchAction\",\"target\":{\"@type\":\"EntryPoint\",\"urlTemplate\":\"https:\/\/agenciadora.com.br\/empresas\/?s={search_term_string}\"},\"query-input\":{\"@type\":\"PropertyValueSpecification\",\"valueRequired\":true,\"valueName\":\"search_term_string\"}}],\"inLanguage\":\"pt-BR\"},{\"@type\":\"Organization\",\"@id\":\"https:\/\/agenciadora.com.br\/empresas\/#organization\",\"name\":\"Agenciadora\",\"url\":\"https:\/\/agenciadora.com.br\/empresas\/\",\"logo\":{\"@type\":\"ImageObject\",\"inLanguage\":\"pt-BR\",\"@id\":\"https:\/\/agenciadora.com.br\/empresas\/#\/schema\/logo\/image\/\",\"url\":\"https:\/\/agenciadora.com.br\/wp-content\/uploads\/2022\/05\/logo-vetorizado.png\",\"contentUrl\":\"https:\/\/agenciadora.com.br\/wp-content\/uploads\/2022\/05\/logo-vetorizado.png\",\"width\":500,\"height\":500,\"caption\":\"Agenciadora\"},\"image\":{\"@id\":\"https:\/\/agenciadora.com.br\/empresas\/#\/schema\/logo\/image\/\"}}]}<\/script>\n<!-- \/ Yoast SEO plugin. -->","yoast_head_json":{"title":"Avalia\u00e7\u00e3o de Empresas (Valuation) - Agenciadora","robots":{"index":"index","follow":"follow","max-snippet":"max-snippet:-1","max-image-preview":"max-image-preview:large","max-video-preview":"max-video-preview:-1"},"canonical":"https:\/\/agenciadora.com.br\/empresas\/avaliacao-de-empresas-valuation\/","og_locale":"pt_BR","og_type":"article","og_title":"Avalia\u00e7\u00e3o de Empresas (Valuation) - Agenciadora","og_description":"O trabalho de avalia\u00e7\u00e3o da Agenciadora tem como finalidade analisar a empresa em todos seus aspectos. \u00c9 desenvolvida uma investiga\u00e7\u00e3o sobre a empresa (Due Diligence) e tamb\u00e9m uma Avalia\u00e7\u00e3o (Valuation), determinando o valor da mesma e assim deixando Executivos, Propriet\u00e1rios e Investidores seguros em suas decis\u00f5es e estrat\u00e9gias no que diz respeito a investir, reduzir [&hellip;]","og_url":"https:\/\/agenciadora.com.br\/empresas\/avaliacao-de-empresas-valuation\/","og_site_name":"Agenciadora","article_modified_time":"2022-05-18T20:47:30+00:00","twitter_card":"summary_large_image","twitter_misc":{"Est. tempo de leitura":"1 minuto"},"schema":{"@context":"https:\/\/schema.org","@graph":[{"@type":"WebPage","@id":"https:\/\/agenciadora.com.br\/empresas\/avaliacao-de-empresas-valuation\/","url":"https:\/\/agenciadora.com.br\/empresas\/avaliacao-de-empresas-valuation\/","name":"Avalia\u00e7\u00e3o de Empresas (Valuation) - Agenciadora","isPartOf":{"@id":"https:\/\/agenciadora.com.br\/empresas\/#website"},"datePublished":"2022-05-12T14:33:43+00:00","dateModified":"2022-05-18T20:47:30+00:00","breadcrumb":{"@id":"https:\/\/agenciadora.com.br\/empresas\/avaliacao-de-empresas-valuation\/#breadcrumb"},"inLanguage":"pt-BR","potentialAction":[{"@type":"ReadAction","target":["https:\/\/agenciadora.com.br\/empresas\/avaliacao-de-empresas-valuation\/"]}]},{"@type":"BreadcrumbList","@id":"https:\/\/agenciadora.com.br\/empresas\/avaliacao-de-empresas-valuation\/#breadcrumb","itemListElement":[{"@type":"ListItem","position":1,"name":"In\u00edcio","item":"https:\/\/agenciadora.com.br\/empresas\/"},{"@type":"ListItem","position":2,"name":"Avalia\u00e7\u00e3o de Empresas (Valuation)"}]},{"@type":"WebSite","@id":"https:\/\/agenciadora.com.br\/empresas\/#website","url":"https:\/\/agenciadora.com.br\/empresas\/","name":"Agenciadora","description":"A certeza de um neg\u00f3cio seguro","publisher":{"@id":"https:\/\/agenciadora.com.br\/empresas\/#organization"},"potentialAction":[{"@type":"SearchAction","target":{"@type":"EntryPoint","urlTemplate":"https:\/\/agenciadora.com.br\/empresas\/?s={search_term_string}"},"query-input":{"@type":"PropertyValueSpecification","valueRequired":true,"valueName":"search_term_string"}}],"inLanguage":"pt-BR"},{"@type":"Organization","@id":"https:\/\/agenciadora.com.br\/empresas\/#organization","name":"Agenciadora","url":"https:\/\/agenciadora.com.br\/empresas\/","logo":{"@type":"ImageObject","inLanguage":"pt-BR","@id":"https:\/\/agenciadora.com.br\/empresas\/#\/schema\/logo\/image\/","url":"https:\/\/agenciadora.com.br\/wp-content\/uploads\/2022\/05\/logo-vetorizado.png","contentUrl":"https:\/\/agenciadora.com.br\/wp-content\/uploads\/2022\/05\/logo-vetorizado.png","width":500,"height":500,"caption":"Agenciadora"},"image":{"@id":"https:\/\/agenciadora.com.br\/empresas\/#\/schema\/logo\/image\/"}}]}},"_links":{"self":[{"href":"https:\/\/agenciadora.com.br\/empresas\/wp-json\/wp\/v2\/pages\/612","targetHints":{"allow":["GET"]}}],"collection":[{"href":"https:\/\/agenciadora.com.br\/empresas\/wp-json\/wp\/v2\/pages"}],"about":[{"href":"https:\/\/agenciadora.com.br\/empresas\/wp-json\/wp\/v2\/types\/page"}],"author":[{"embeddable":true,"href":"https:\/\/agenciadora.com.br\/empresas\/wp-json\/wp\/v2\/users\/1"}],"replies":[{"embeddable":true,"href":"https:\/\/agenciadora.com.br\/empresas\/wp-json\/wp\/v2\/comments?post=612"}],"version-history":[{"count":2,"href":"https:\/\/agenciadora.com.br\/empresas\/wp-json\/wp\/v2\/pages\/612\/revisions"}],"predecessor-version":[{"id":1016,"href":"https:\/\/agenciadora.com.br\/empresas\/wp-json\/wp\/v2\/pages\/612\/revisions\/1016"}],"wp:attachment":[{"href":"https:\/\/agenciadora.com.br\/empresas\/wp-json\/wp\/v2\/media?parent=612"}],"curies":[{"name":"wp","href":"https:\/\/api.w.org\/{rel}","templated":true}]}}