{"id":62,"date":"2022-05-04T11:23:11","date_gmt":"2022-05-04T14:23:11","guid":{"rendered":"https:\/\/agenciadora2.grupolgc.com.br\/?page_id=62"},"modified":"2022-05-18T17:41:40","modified_gmt":"2022-05-18T20:41:40","slug":"quem-somos","status":"publish","type":"page","link":"https:\/\/agenciadora.com.br\/empresas\/quem-somos\/","title":{"rendered":"Quem Somos e o Que Fazemos"},"content":{"rendered":"\n<p>A Agenciadora \u00e9 uma empresa de Intermedia\u00e7\u00e3o na Venda de Im\u00f3veis Empresariais e Empresas em todos os segmentos de mercado.<\/p>\n\n\n\n<p>Fazemos parte de um Grupo de Consultoria e Assessoria Empresarial 360\u00b0 que atua nas \u00e1reas Financeira, Comercial, Estrat\u00e9gica, Custos, Tribut\u00e1ria, Administrativa, Avalia\u00e7\u00e3o de Empresas (Valuation e Due Diligence), Sucess\u00e3o e Intermedia\u00e7\u00e3o entre s\u00f3cios.<\/p>\n\n\n\n<p>A Agenciadora como parte integrante deste grupo tem seu foco voltado a Intermedia\u00e7\u00e3o de Neg\u00f3cios Empresariais em Geral.<\/p>\n\n\n\n<p>Nosso diferencial est\u00e1 na maneira de atuarmos junto aos nossos clientes. Desde 2006 como especialistas na Consultoria e Assessoria em M&amp;A (Fus\u00f5es e Aquisi\u00e7\u00f5es) temos a finalidade de propiciar clareza e seguran\u00e7a em toda intermedia\u00e7\u00e3o que envolvam Valuation, Due Diligence, Fus\u00f5es, Cis\u00f5es, Sucess\u00f5es, Compras e Vendas de Im\u00f3veis e Empresas.<\/p>\n\n\n\n<p>Em todas as intermedia\u00e7\u00f5es n\u00f3s mapeamos e selecionamos os interessados al\u00e9m de negociarmos e acompanharmos todo o processo de intermedia\u00e7\u00e3o at\u00e9 o contrato final, pois nossa maior convic\u00e7\u00e3o \u00e9 que este \u00e9 um dos momentos mais cr\u00edticos na vida dos envolvidos, s\u00e3o anos de investimentos, de entrega e de reputa\u00e7\u00e3o que merecem culminar em uma negocia\u00e7\u00e3o perfeita. Nada menos que isso.<\/p>\n\n\n\n<p>Por isso trabalhamos em conjunto com nossos clientes em todas as etapas da negocia\u00e7\u00e3o, garantindo \u00e9tica, sigilo e acima de tudo qualidade de nosso trabalho.<\/p>\n\n\n\n<h2 class=\"wp-block-heading\">Nossos Servi\u00e7os<\/h2>\n\n\n\n<p>\u2013 Intermedia\u00e7\u00e3o na Compra e Venda de Im\u00f3veis Industriais e Comerciais<\/p>\n\n\n\n<p>\u2013 Avalia\u00e7\u00e3o e Regulariza\u00e7\u00e3o de Im\u00f3veis Empresariais<\/p>\n\n\n\n<p>\u2013 Intermedia\u00e7\u00e3o na Compra e Venda de Empresas (M&amp;A)<\/p>\n\n\n\n<p>\u2013 Avalia\u00e7\u00e3o de Empresas (Valuation)<\/p>\n","protected":false},"excerpt":{"rendered":"<p>A Agenciadora \u00e9 uma empresa de Intermedia\u00e7\u00e3o na Venda de Im\u00f3veis Empresariais e Empresas em todos os segmentos de mercado. Fazemos parte de um Grupo de Consultoria e Assessoria Empresarial 360\u00b0 que atua nas \u00e1reas Financeira, Comercial, Estrat\u00e9gica, Custos, Tribut\u00e1ria, Administrativa, Avalia\u00e7\u00e3o de Empresas (Valuation e Due Diligence), Sucess\u00e3o e Intermedia\u00e7\u00e3o entre s\u00f3cios. A Agenciadora [&hellip;]<\/p>\n","protected":false},"author":1,"featured_media":0,"parent":0,"menu_order":0,"comment_status":"closed","ping_status":"closed","template":"","meta":{"footnotes":""},"class_list":["post-62","page","type-page","status-publish","hentry"],"yoast_head":"<!-- This site is optimized with the Yoast SEO plugin v27.2 - https:\/\/yoast.com\/product\/yoast-seo-wordpress\/ -->\n<title>Quem Somos e o Que Fazemos - Agenciadora<\/title>\n<meta name=\"robots\" content=\"index, follow, max-snippet:-1, max-image-preview:large, max-video-preview:-1\" \/>\n<link rel=\"canonical\" href=\"https:\/\/agenciadora.com.br\/empresas\/quem-somos\/\" \/>\n<meta property=\"og:locale\" content=\"pt_BR\" \/>\n<meta property=\"og:type\" content=\"article\" \/>\n<meta property=\"og:title\" content=\"Quem Somos e o Que Fazemos - Agenciadora\" \/>\n<meta property=\"og:description\" content=\"A Agenciadora \u00e9 uma empresa de Intermedia\u00e7\u00e3o na Venda de Im\u00f3veis Empresariais e Empresas em todos os segmentos de mercado. Fazemos parte de um Grupo de Consultoria e Assessoria Empresarial 360\u00b0 que atua nas \u00e1reas Financeira, Comercial, Estrat\u00e9gica, Custos, Tribut\u00e1ria, Administrativa, Avalia\u00e7\u00e3o de Empresas (Valuation e Due Diligence), Sucess\u00e3o e Intermedia\u00e7\u00e3o entre s\u00f3cios. A Agenciadora [&hellip;]\" \/>\n<meta property=\"og:url\" content=\"https:\/\/agenciadora.com.br\/empresas\/quem-somos\/\" \/>\n<meta property=\"og:site_name\" content=\"Agenciadora\" \/>\n<meta property=\"article:modified_time\" content=\"2022-05-18T20:41:40+00:00\" \/>\n<meta name=\"twitter:card\" content=\"summary_large_image\" \/>\n<meta name=\"twitter:label1\" content=\"Est. tempo de leitura\" \/>\n\t<meta name=\"twitter:data1\" content=\"1 minuto\" \/>\n<script type=\"application\/ld+json\" class=\"yoast-schema-graph\">{\"@context\":\"https:\/\/schema.org\",\"@graph\":[{\"@type\":\"WebPage\",\"@id\":\"https:\/\/agenciadora.com.br\/empresas\/quem-somos\/\",\"url\":\"https:\/\/agenciadora.com.br\/empresas\/quem-somos\/\",\"name\":\"Quem Somos e o Que Fazemos - Agenciadora\",\"isPartOf\":{\"@id\":\"https:\/\/agenciadora.com.br\/empresas\/#website\"},\"datePublished\":\"2022-05-04T14:23:11+00:00\",\"dateModified\":\"2022-05-18T20:41:40+00:00\",\"breadcrumb\":{\"@id\":\"https:\/\/agenciadora.com.br\/empresas\/quem-somos\/#breadcrumb\"},\"inLanguage\":\"pt-BR\",\"potentialAction\":[{\"@type\":\"ReadAction\",\"target\":[\"https:\/\/agenciadora.com.br\/empresas\/quem-somos\/\"]}]},{\"@type\":\"BreadcrumbList\",\"@id\":\"https:\/\/agenciadora.com.br\/empresas\/quem-somos\/#breadcrumb\",\"itemListElement\":[{\"@type\":\"ListItem\",\"position\":1,\"name\":\"In\u00edcio\",\"item\":\"https:\/\/agenciadora.com.br\/empresas\/\"},{\"@type\":\"ListItem\",\"position\":2,\"name\":\"Quem Somos e o Que Fazemos\"}]},{\"@type\":\"WebSite\",\"@id\":\"https:\/\/agenciadora.com.br\/empresas\/#website\",\"url\":\"https:\/\/agenciadora.com.br\/empresas\/\",\"name\":\"Agenciadora\",\"description\":\"A certeza de um neg\u00f3cio seguro\",\"publisher\":{\"@id\":\"https:\/\/agenciadora.com.br\/empresas\/#organization\"},\"potentialAction\":[{\"@type\":\"SearchAction\",\"target\":{\"@type\":\"EntryPoint\",\"urlTemplate\":\"https:\/\/agenciadora.com.br\/empresas\/?s={search_term_string}\"},\"query-input\":{\"@type\":\"PropertyValueSpecification\",\"valueRequired\":true,\"valueName\":\"search_term_string\"}}],\"inLanguage\":\"pt-BR\"},{\"@type\":\"Organization\",\"@id\":\"https:\/\/agenciadora.com.br\/empresas\/#organization\",\"name\":\"Agenciadora\",\"url\":\"https:\/\/agenciadora.com.br\/empresas\/\",\"logo\":{\"@type\":\"ImageObject\",\"inLanguage\":\"pt-BR\",\"@id\":\"https:\/\/agenciadora.com.br\/empresas\/#\/schema\/logo\/image\/\",\"url\":\"https:\/\/agenciadora.com.br\/wp-content\/uploads\/2022\/05\/logo-vetorizado.png\",\"contentUrl\":\"https:\/\/agenciadora.com.br\/wp-content\/uploads\/2022\/05\/logo-vetorizado.png\",\"width\":500,\"height\":500,\"caption\":\"Agenciadora\"},\"image\":{\"@id\":\"https:\/\/agenciadora.com.br\/empresas\/#\/schema\/logo\/image\/\"}}]}<\/script>\n<!-- \/ Yoast SEO plugin. -->","yoast_head_json":{"title":"Quem Somos e o Que Fazemos - Agenciadora","robots":{"index":"index","follow":"follow","max-snippet":"max-snippet:-1","max-image-preview":"max-image-preview:large","max-video-preview":"max-video-preview:-1"},"canonical":"https:\/\/agenciadora.com.br\/empresas\/quem-somos\/","og_locale":"pt_BR","og_type":"article","og_title":"Quem Somos e o Que Fazemos - Agenciadora","og_description":"A Agenciadora \u00e9 uma empresa de Intermedia\u00e7\u00e3o na Venda de Im\u00f3veis Empresariais e Empresas em todos os segmentos de mercado. Fazemos parte de um Grupo de Consultoria e Assessoria Empresarial 360\u00b0 que atua nas \u00e1reas Financeira, Comercial, Estrat\u00e9gica, Custos, Tribut\u00e1ria, Administrativa, Avalia\u00e7\u00e3o de Empresas (Valuation e Due Diligence), Sucess\u00e3o e Intermedia\u00e7\u00e3o entre s\u00f3cios. A Agenciadora [&hellip;]","og_url":"https:\/\/agenciadora.com.br\/empresas\/quem-somos\/","og_site_name":"Agenciadora","article_modified_time":"2022-05-18T20:41:40+00:00","twitter_card":"summary_large_image","twitter_misc":{"Est. tempo de leitura":"1 minuto"},"schema":{"@context":"https:\/\/schema.org","@graph":[{"@type":"WebPage","@id":"https:\/\/agenciadora.com.br\/empresas\/quem-somos\/","url":"https:\/\/agenciadora.com.br\/empresas\/quem-somos\/","name":"Quem Somos e o Que Fazemos - Agenciadora","isPartOf":{"@id":"https:\/\/agenciadora.com.br\/empresas\/#website"},"datePublished":"2022-05-04T14:23:11+00:00","dateModified":"2022-05-18T20:41:40+00:00","breadcrumb":{"@id":"https:\/\/agenciadora.com.br\/empresas\/quem-somos\/#breadcrumb"},"inLanguage":"pt-BR","potentialAction":[{"@type":"ReadAction","target":["https:\/\/agenciadora.com.br\/empresas\/quem-somos\/"]}]},{"@type":"BreadcrumbList","@id":"https:\/\/agenciadora.com.br\/empresas\/quem-somos\/#breadcrumb","itemListElement":[{"@type":"ListItem","position":1,"name":"In\u00edcio","item":"https:\/\/agenciadora.com.br\/empresas\/"},{"@type":"ListItem","position":2,"name":"Quem Somos e o Que Fazemos"}]},{"@type":"WebSite","@id":"https:\/\/agenciadora.com.br\/empresas\/#website","url":"https:\/\/agenciadora.com.br\/empresas\/","name":"Agenciadora","description":"A certeza de um neg\u00f3cio seguro","publisher":{"@id":"https:\/\/agenciadora.com.br\/empresas\/#organization"},"potentialAction":[{"@type":"SearchAction","target":{"@type":"EntryPoint","urlTemplate":"https:\/\/agenciadora.com.br\/empresas\/?s={search_term_string}"},"query-input":{"@type":"PropertyValueSpecification","valueRequired":true,"valueName":"search_term_string"}}],"inLanguage":"pt-BR"},{"@type":"Organization","@id":"https:\/\/agenciadora.com.br\/empresas\/#organization","name":"Agenciadora","url":"https:\/\/agenciadora.com.br\/empresas\/","logo":{"@type":"ImageObject","inLanguage":"pt-BR","@id":"https:\/\/agenciadora.com.br\/empresas\/#\/schema\/logo\/image\/","url":"https:\/\/agenciadora.com.br\/wp-content\/uploads\/2022\/05\/logo-vetorizado.png","contentUrl":"https:\/\/agenciadora.com.br\/wp-content\/uploads\/2022\/05\/logo-vetorizado.png","width":500,"height":500,"caption":"Agenciadora"},"image":{"@id":"https:\/\/agenciadora.com.br\/empresas\/#\/schema\/logo\/image\/"}}]}},"_links":{"self":[{"href":"https:\/\/agenciadora.com.br\/empresas\/wp-json\/wp\/v2\/pages\/62","targetHints":{"allow":["GET"]}}],"collection":[{"href":"https:\/\/agenciadora.com.br\/empresas\/wp-json\/wp\/v2\/pages"}],"about":[{"href":"https:\/\/agenciadora.com.br\/empresas\/wp-json\/wp\/v2\/types\/page"}],"author":[{"embeddable":true,"href":"https:\/\/agenciadora.com.br\/empresas\/wp-json\/wp\/v2\/users\/1"}],"replies":[{"embeddable":true,"href":"https:\/\/agenciadora.com.br\/empresas\/wp-json\/wp\/v2\/comments?post=62"}],"version-history":[{"count":4,"href":"https:\/\/agenciadora.com.br\/empresas\/wp-json\/wp\/v2\/pages\/62\/revisions"}],"predecessor-version":[{"id":1010,"href":"https:\/\/agenciadora.com.br\/empresas\/wp-json\/wp\/v2\/pages\/62\/revisions\/1010"}],"wp:attachment":[{"href":"https:\/\/agenciadora.com.br\/empresas\/wp-json\/wp\/v2\/media?parent=62"}],"curies":[{"name":"wp","href":"https:\/\/api.w.org\/{rel}","templated":true}]}}